{"id":42,"date":"2026-03-16T16:10:37","date_gmt":"2026-03-16T16:10:37","guid":{"rendered":"https:\/\/3dmyndir.is\/?page_id=42"},"modified":"2026-03-16T16:10:37","modified_gmt":"2026-03-16T16:10:37","slug":"thjonusta","status":"publish","type":"page","link":"https:\/\/3dmyndir.is\/?page_id=42","title":{"rendered":"\u00dej\u00f3nusta"},"content":{"rendered":"\n<div class=\"wp-block-group is-layout-constrained wp-container-core-group-is-layout-c2dac331 wp-block-group-is-layout-constrained\" style=\"padding-top:50px;padding-bottom:40px\">\n<h1 class=\"wp-block-heading\">\u00dej\u00f3nusta<\/h1>\n\n\n\n<p>Vi\u00f0 bj\u00f3\u00f0um upp \u00e1 faglega 3D skr\u00e1ningu og sj\u00f3nr\u00e6na framsetningu fyrir fasteignir, fyrirt\u00e6ki og framkv\u00e6mdir. Lausnirnar eru sni\u00f0nar a\u00f0 \u00f3l\u00edkum verkefnum og geta n\u00fdst b\u00e6\u00f0i til kynningar og skjalfestingar.<\/p>\n\n\n\n<h2 class=\"wp-block-heading\">Matterport 3D sk\u00f6nnun<\/h2>\n\n\n<p>Matterport sk\u00f6nnun hentar vel fyrir \u00edb\u00fa\u00f0ir, h\u00fas, atvinnuh\u00fasn\u00e6\u00f0i, h\u00f3tel og \u00f6nnur r\u00fdmi sem \u00e1 a\u00f0 s\u00fdna e\u00f0a skr\u00e1 me\u00f0 n\u00e1kv\u00e6mum og gagnvirkum h\u00e6tti.<\/p>\n\n\n\n<h2 class=\"wp-block-heading\">Dr\u00f3namyndataka<\/h2>\n\n\n<p>Dr\u00f3namyndir og loftmyndir gefa sterka yfirs\u00fdn yfir byggingar, l\u00f3\u00f0ir og umhverfi. \u00de\u00e6r n\u00fdtast vel fyrir fasteignir, byggingarsv\u00e6\u00f0i, kynningarefni og almenna skr\u00e1ningu.<\/p>\n\n\n\n<h2 class=\"wp-block-heading\">Framv\u00f6ktun byggingarsv\u00e6\u00f0a<\/h2>\n\n\n<p>Regluleg dr\u00f3naskr\u00e1ning \u00e1 framkv\u00e6mdum gerir verkt\u00f6kum og verkefnastj\u00f3rum kleift a\u00f0 fylgjast betur me\u00f0 framvindu og bera saman st\u00f6\u00f0u milli t\u00edmabila.<\/p>\n\n\n\n<h2 class=\"wp-block-heading\">360 myndir og kynningarefni<\/h2>\n\n\n<p>Fyrir verkefni \u00fear sem mikilv\u00e6gt er a\u00f0 skapa upplifun og sj\u00f3nr\u00e6nt a\u00f0dr\u00e1ttarafl m\u00e1 n\u00fdta 360 myndir og anna\u00f0 efni til kynningar \u00e1 r\u00fdmum og st\u00f6\u00f0um.<\/p>\n<\/div>\n","protected":false},"excerpt":{"rendered":"<p>\u00dej\u00f3nusta Vi\u00f0 bj\u00f3\u00f0um upp \u00e1 faglega 3D skr\u00e1ningu og sj\u00f3nr\u00e6na framsetningu fyrir fasteignir, fyrirt\u00e6ki og framkv\u00e6mdir. Lausnirnar eru sni\u00f0nar a\u00f0 [&hellip;]<\/p>\n","protected":false},"author":1,"featured_media":0,"parent":0,"menu_order":0,"comment_status":"closed","ping_status":"closed","template":"","meta":{"_eb_attr":"","site-sidebar-layout":"default","site-content-layout":"","ast-site-content-layout":"default","site-content-style":"default","site-sidebar-style":"default","ast-global-header-display":"","ast-banner-title-visibility":"","ast-main-header-display":"","ast-hfb-above-header-display":"","ast-hfb-below-header-display":"","ast-hfb-mobile-header-display":"","site-post-title":"disabled","ast-breadcrumbs-content":"","ast-featured-img":"","footer-sml-layout":"","ast-disable-related-posts":"","theme-transparent-header-meta":"","adv-header-id-meta":"","stick-header-meta":"","header-above-stick-meta":"","header-main-stick-meta":"","header-below-stick-meta":"","astra-migrate-meta-layouts":"default","ast-page-background-enabled":"default","ast-page-background-meta":{"desktop":{"background-color":"var(--ast-global-color-5)","background-image":"","background-repeat":"repeat","background-position":"center center","background-size":"auto","background-attachment":"scroll","background-type":"","background-media":"","overlay-type":"","overlay-color":"","overlay-opacity":"","overlay-gradient":""},"tablet":{"background-color":"","background-image":"","background-repeat":"repeat","background-position":"center center","background-size":"auto","background-attachment":"scroll","background-type":"","background-media":"","overlay-type":"","overlay-color":"","overlay-opacity":"","overlay-gradient":""},"mobile":{"background-color":"","background-image":"","background-repeat":"repeat","background-position":"center center","background-size":"auto","background-attachment":"scroll","background-type":"","background-media":"","overlay-type":"","overlay-color":"","overlay-opacity":"","overlay-gradient":""}},"ast-content-background-meta":{"desktop":{"background-color":"var(--ast-global-color-4)","background-image":"","background-repeat":"repeat","background-position":"center center","background-size":"auto","background-attachment":"scroll","background-type":"","background-media":"","overlay-type":"","overlay-color":"","overlay-opacity":"","overlay-gradient":""},"tablet":{"background-color":"var(--ast-global-color-4)","background-image":"","background-repeat":"repeat","background-position":"center center","background-size":"auto","background-attachment":"scroll","background-type":"","background-media":"","overlay-type":"","overlay-color":"","overlay-opacity":"","overlay-gradient":""},"mobile":{"background-color":"var(--ast-global-color-4)","background-image":"","background-repeat":"repeat","background-position":"center center","background-size":"auto","background-attachment":"scroll","background-type":"","background-media":"","overlay-type":"","overlay-color":"","overlay-opacity":"","overlay-gradient":""}},"footnotes":""},"class_list":["post-42","page","type-page","status-publish","hentry"],"_links":{"self":[{"href":"https:\/\/3dmyndir.is\/index.php?rest_route=\/wp\/v2\/pages\/42","targetHints":{"allow":["GET"]}}],"collection":[{"href":"https:\/\/3dmyndir.is\/index.php?rest_route=\/wp\/v2\/pages"}],"about":[{"href":"https:\/\/3dmyndir.is\/index.php?rest_route=\/wp\/v2\/types\/page"}],"author":[{"embeddable":true,"href":"https:\/\/3dmyndir.is\/index.php?rest_route=\/wp\/v2\/users\/1"}],"replies":[{"embeddable":true,"href":"https:\/\/3dmyndir.is\/index.php?rest_route=%2Fwp%2Fv2%2Fcomments&post=42"}],"version-history":[{"count":1,"href":"https:\/\/3dmyndir.is\/index.php?rest_route=\/wp\/v2\/pages\/42\/revisions"}],"predecessor-version":[{"id":43,"href":"https:\/\/3dmyndir.is\/index.php?rest_route=\/wp\/v2\/pages\/42\/revisions\/43"}],"wp:attachment":[{"href":"https:\/\/3dmyndir.is\/index.php?rest_route=%2Fwp%2Fv2%2Fmedia&parent=42"}],"curies":[{"name":"wp","href":"https:\/\/api.w.org\/{rel}","templated":true}]}}