{"id":44,"date":"2026-03-16T16:14:21","date_gmt":"2026-03-16T16:14:21","guid":{"rendered":"https:\/\/3dmyndir.is\/?page_id=44"},"modified":"2026-03-16T16:14:21","modified_gmt":"2026-03-16T16:14:21","slug":"um-okkur","status":"publish","type":"page","link":"https:\/\/3dmyndir.is\/?page_id=44","title":{"rendered":"Um okkur"},"content":{"rendered":"\n<div class=\"wp-block-group is-layout-constrained wp-container-core-group-is-layout-890171a9 wp-block-group-is-layout-constrained\" style=\"padding-top:50px;padding-bottom:40px\">\n<h1 class=\"wp-block-heading\">Um 3Dmyndir.is<\/h1>\n\n\n\n<p>3Dmyndir.is s\u00e9rh\u00e6fir sig \u00ed 3D skr\u00e1ningu bygginga, eigna og framkv\u00e6mda me\u00f0 Matterport, dr\u00f3num og 360 t\u00e6kni.<\/p>\n\n\n\n<p>Markmi\u00f0i\u00f0 er a\u00f0 hj\u00e1lpa vi\u00f0skiptavinum a\u00f0 sj\u00e1 r\u00fdmi, byggingar og verkefni betur me\u00f0 sk\u00fdrari og faglegri framsetningu. \u00dej\u00f3nustan hentar b\u00e6\u00f0i fyrir kynningu, skjalfestingu og sj\u00f3nr\u00e6na yfirs\u00fdn og er sni\u00f0in a\u00f0 \u00fe\u00f6rfum hvers verkefnis.<\/p>\n\n\n\n<p>Vi\u00f0 leggjum \u00e1herslu \u00e1 pers\u00f3nulega \u00fej\u00f3nustu, v\u00f6ndu\u00f0 vinnubr\u00f6g\u00f0 og lausnir sem n\u00fdtast raunverulega \u00ed rekstri, s\u00f6lu og framkv\u00e6mdum.<\/p>\n<\/div>\n","protected":false},"excerpt":{"rendered":"<p>Um 3Dmyndir.is 3Dmyndir.is s\u00e9rh\u00e6fir sig \u00ed 3D skr\u00e1ningu bygginga, eigna og framkv\u00e6mda me\u00f0 Matterport, dr\u00f3num og 360 t\u00e6kni. Markmi\u00f0i\u00f0 er [&hellip;]<\/p>\n","protected":false},"author":1,"featured_media":0,"parent":0,"menu_order":0,"comment_status":"closed","ping_status":"closed","template":"","meta":{"_eb_attr":"","site-sidebar-layout":"default","site-content-layout":"","ast-site-content-layout":"default","site-content-style":"default","site-sidebar-style":"default","ast-global-header-display":"","ast-banner-title-visibility":"","ast-main-header-display":"","ast-hfb-above-header-display":"","ast-hfb-below-header-display":"","ast-hfb-mobile-header-display":"","site-post-title":"disabled","ast-breadcrumbs-content":"","ast-featured-img":"","footer-sml-layout":"","ast-disable-related-posts":"","theme-transparent-header-meta":"","adv-header-id-meta":"","stick-header-meta":"","header-above-stick-meta":"","header-main-stick-meta":"","header-below-stick-meta":"","astra-migrate-meta-layouts":"default","ast-page-background-enabled":"default","ast-page-background-meta":{"desktop":{"background-color":"var(--ast-global-color-5)","background-image":"","background-repeat":"repeat","background-position":"center center","background-size":"auto","background-attachment":"scroll","background-type":"","background-media":"","overlay-type":"","overlay-color":"","overlay-opacity":"","overlay-gradient":""},"tablet":{"background-color":"","background-image":"","background-repeat":"repeat","background-position":"center center","background-size":"auto","background-attachment":"scroll","background-type":"","background-media":"","overlay-type":"","overlay-color":"","overlay-opacity":"","overlay-gradient":""},"mobile":{"background-color":"","background-image":"","background-repeat":"repeat","background-position":"center center","background-size":"auto","background-attachment":"scroll","background-type":"","background-media":"","overlay-type":"","overlay-color":"","overlay-opacity":"","overlay-gradient":""}},"ast-content-background-meta":{"desktop":{"background-color":"var(--ast-global-color-4)","background-image":"","background-repeat":"repeat","background-position":"center center","background-size":"auto","background-attachment":"scroll","background-type":"","background-media":"","overlay-type":"","overlay-color":"","overlay-opacity":"","overlay-gradient":""},"tablet":{"background-color":"var(--ast-global-color-4)","background-image":"","background-repeat":"repeat","background-position":"center center","background-size":"auto","background-attachment":"scroll","background-type":"","background-media":"","overlay-type":"","overlay-color":"","overlay-opacity":"","overlay-gradient":""},"mobile":{"background-color":"var(--ast-global-color-4)","background-image":"","background-repeat":"repeat","background-position":"center center","background-size":"auto","background-attachment":"scroll","background-type":"","background-media":"","overlay-type":"","overlay-color":"","overlay-opacity":"","overlay-gradient":""}},"footnotes":""},"class_list":["post-44","page","type-page","status-publish","hentry"],"_links":{"self":[{"href":"https:\/\/3dmyndir.is\/index.php?rest_route=\/wp\/v2\/pages\/44","targetHints":{"allow":["GET"]}}],"collection":[{"href":"https:\/\/3dmyndir.is\/index.php?rest_route=\/wp\/v2\/pages"}],"about":[{"href":"https:\/\/3dmyndir.is\/index.php?rest_route=\/wp\/v2\/types\/page"}],"author":[{"embeddable":true,"href":"https:\/\/3dmyndir.is\/index.php?rest_route=\/wp\/v2\/users\/1"}],"replies":[{"embeddable":true,"href":"https:\/\/3dmyndir.is\/index.php?rest_route=%2Fwp%2Fv2%2Fcomments&post=44"}],"version-history":[{"count":1,"href":"https:\/\/3dmyndir.is\/index.php?rest_route=\/wp\/v2\/pages\/44\/revisions"}],"predecessor-version":[{"id":45,"href":"https:\/\/3dmyndir.is\/index.php?rest_route=\/wp\/v2\/pages\/44\/revisions\/45"}],"wp:attachment":[{"href":"https:\/\/3dmyndir.is\/index.php?rest_route=%2Fwp%2Fv2%2Fmedia&parent=44"}],"curies":[{"name":"wp","href":"https:\/\/api.w.org\/{rel}","templated":true}]}}