{"id":46,"date":"2026-03-16T16:16:45","date_gmt":"2026-03-16T16:16:45","guid":{"rendered":"https:\/\/3dmyndir.is\/?page_id=46"},"modified":"2026-03-16T16:16:45","modified_gmt":"2026-03-16T16:16:45","slug":"hafdu-samband","status":"publish","type":"page","link":"https:\/\/3dmyndir.is\/?page_id=46","title":{"rendered":"Haf\u00f0u samband"},"content":{"rendered":"\n<div class=\"wp-block-group is-layout-constrained wp-container-core-group-is-layout-890171a9 wp-block-group-is-layout-constrained\" style=\"padding-top:50px;padding-bottom:40px\">\n<h1 class=\"wp-block-heading\">Haf\u00f0u samband<\/h1>\n\n\n\n<p>Sendu fyrirspurn og f\u00e1\u00f0u n\u00e1nari uppl\u00fdsingar e\u00f0a tilbo\u00f0 \u00ed verkefni.<\/p>\n\n\n\n<ul class=\"wp-block-list\"><li>Nafn<\/li><li>Netfang<\/li><li>S\u00edmi<\/li><li>Sta\u00f0setning verkefnis<\/li><li>Hva\u00f0 viltu l\u00e1ta skanna e\u00f0a mynda?<\/li><li>Stutt l\u00fdsing \u00e1 verkefni<\/li><\/ul>\n\n\n\n<p><strong>Settu WPForms e\u00f0a Contact Form 7 form h\u00e9r undir.<\/strong><\/p>\n<\/div>\n","protected":false},"excerpt":{"rendered":"<p>Haf\u00f0u samband Sendu fyrirspurn og f\u00e1\u00f0u n\u00e1nari uppl\u00fdsingar e\u00f0a tilbo\u00f0 \u00ed verkefni. Nafn Netfang S\u00edmi Sta\u00f0setning verkefnis Hva\u00f0 viltu l\u00e1ta [&hellip;]<\/p>\n","protected":false},"author":1,"featured_media":0,"parent":0,"menu_order":0,"comment_status":"closed","ping_status":"closed","template":"","meta":{"_eb_attr":"","site-sidebar-layout":"default","site-content-layout":"","ast-site-content-layout":"default","site-content-style":"default","site-sidebar-style":"default","ast-global-header-display":"","ast-banner-title-visibility":"","ast-main-header-display":"","ast-hfb-above-header-display":"","ast-hfb-below-header-display":"","ast-hfb-mobile-header-display":"","site-post-title":"disabled","ast-breadcrumbs-content":"","ast-featured-img":"","footer-sml-layout":"","ast-disable-related-posts":"","theme-transparent-header-meta":"","adv-header-id-meta":"","stick-header-meta":"","header-above-stick-meta":"","header-main-stick-meta":"","header-below-stick-meta":"","astra-migrate-meta-layouts":"default","ast-page-background-enabled":"default","ast-page-background-meta":{"desktop":{"background-color":"var(--ast-global-color-5)","background-image":"","background-repeat":"repeat","background-position":"center center","background-size":"auto","background-attachment":"scroll","background-type":"","background-media":"","overlay-type":"","overlay-color":"","overlay-opacity":"","overlay-gradient":""},"tablet":{"background-color":"","background-image":"","background-repeat":"repeat","background-position":"center center","background-size":"auto","background-attachment":"scroll","background-type":"","background-media":"","overlay-type":"","overlay-color":"","overlay-opacity":"","overlay-gradient":""},"mobile":{"background-color":"","background-image":"","background-repeat":"repeat","background-position":"center center","background-size":"auto","background-attachment":"scroll","background-type":"","background-media":"","overlay-type":"","overlay-color":"","overlay-opacity":"","overlay-gradient":""}},"ast-content-background-meta":{"desktop":{"background-color":"var(--ast-global-color-4)","background-image":"","background-repeat":"repeat","background-position":"center center","background-size":"auto","background-attachment":"scroll","background-type":"","background-media":"","overlay-type":"","overlay-color":"","overlay-opacity":"","overlay-gradient":""},"tablet":{"background-color":"var(--ast-global-color-4)","background-image":"","background-repeat":"repeat","background-position":"center center","background-size":"auto","background-attachment":"scroll","background-type":"","background-media":"","overlay-type":"","overlay-color":"","overlay-opacity":"","overlay-gradient":""},"mobile":{"background-color":"var(--ast-global-color-4)","background-image":"","background-repeat":"repeat","background-position":"center center","background-size":"auto","background-attachment":"scroll","background-type":"","background-media":"","overlay-type":"","overlay-color":"","overlay-opacity":"","overlay-gradient":""}},"footnotes":""},"class_list":["post-46","page","type-page","status-publish","hentry"],"_links":{"self":[{"href":"https:\/\/3dmyndir.is\/index.php?rest_route=\/wp\/v2\/pages\/46","targetHints":{"allow":["GET"]}}],"collection":[{"href":"https:\/\/3dmyndir.is\/index.php?rest_route=\/wp\/v2\/pages"}],"about":[{"href":"https:\/\/3dmyndir.is\/index.php?rest_route=\/wp\/v2\/types\/page"}],"author":[{"embeddable":true,"href":"https:\/\/3dmyndir.is\/index.php?rest_route=\/wp\/v2\/users\/1"}],"replies":[{"embeddable":true,"href":"https:\/\/3dmyndir.is\/index.php?rest_route=%2Fwp%2Fv2%2Fcomments&post=46"}],"version-history":[{"count":1,"href":"https:\/\/3dmyndir.is\/index.php?rest_route=\/wp\/v2\/pages\/46\/revisions"}],"predecessor-version":[{"id":47,"href":"https:\/\/3dmyndir.is\/index.php?rest_route=\/wp\/v2\/pages\/46\/revisions\/47"}],"wp:attachment":[{"href":"https:\/\/3dmyndir.is\/index.php?rest_route=%2Fwp%2Fv2%2Fmedia&parent=46"}],"curies":[{"name":"wp","href":"https:\/\/api.w.org\/{rel}","templated":true}]}}